{"id":795,"date":"2018-02-12T14:48:23","date_gmt":"2018-02-12T14:48:23","guid":{"rendered":"https:\/\/martinesarfati.com\/index.php\/contact"},"modified":"2023-11-07T20:09:20","modified_gmt":"2023-11-07T19:09:20","slug":"me-contacter","status":"publish","type":"page","link":"https:\/\/martinesarfati.com\/index.php\/me-contacter","title":{"rendered":"Me contacter"},"content":{"rendered":"\t\t<div data-elementor-type=\"wp-post\" data-elementor-id=\"795\" class=\"elementor elementor-795\">\n\t\t\t\t\t\t<section class=\"elementor-section elementor-top-section elementor-element elementor-element-2b9aefe5 elementor-section-content-bottom elementor-section-height-full elementor-section-boxed elementor-section-height-default elementor-section-items-middle exad-glass-effect-no exad-sticky-section-no\" data-id=\"2b9aefe5\" data-element_type=\"section\" data-e-type=\"section\" data-settings=\"{&quot;background_background&quot;:&quot;classic&quot;}\">\n\t\t\t\t\t\t\t<div class=\"elementor-background-overlay\"><\/div>\n\t\t\t\t\t\t\t<div class=\"elementor-container elementor-column-gap-extended\">\n\t\t\t\t\t<div class=\"elementor-column elementor-col-100 elementor-top-column elementor-element elementor-element-3ef631f exad-glass-effect-no exad-sticky-section-no\" data-id=\"3ef631f\" data-element_type=\"column\" data-e-type=\"column\">\n\t\t\t<div class=\"elementor-widget-wrap elementor-element-populated\">\n\t\t\t\t\t\t<div class=\"elementor-element elementor-element-8b8a8d0 exad-sticky-section-no exad-glass-effect-no elementor-widget elementor-widget-heading\" data-id=\"8b8a8d0\" data-element_type=\"widget\" data-e-type=\"widget\" data-settings=\"{&quot;_animation&quot;:&quot;none&quot;}\" data-widget_type=\"heading.default\">\n\t\t\t\t<div class=\"elementor-widget-container\">\n\t\t\t\t\t<h1 class=\"elementor-heading-title elementor-size-default\">Me contacter<\/h1>\t\t\t\t<\/div>\n\t\t\t\t<\/div>\n\t\t\t\t<div class=\"elementor-element elementor-element-5909e80 e-transform e-transform elementor-widget__width-initial exad-sticky-section-no exad-glass-effect-no elementor-widget elementor-widget-text-editor\" data-id=\"5909e80\" data-element_type=\"widget\" data-e-type=\"widget\" data-settings=\"{&quot;_transform_scale_effect&quot;:{&quot;unit&quot;:&quot;px&quot;,&quot;size&quot;:0.9,&quot;sizes&quot;:[]},&quot;_animation&quot;:&quot;none&quot;,&quot;_transform_translateX_effect&quot;:{&quot;unit&quot;:&quot;px&quot;,&quot;size&quot;:&quot;&quot;,&quot;sizes&quot;:[]},&quot;_transform_translateX_effect_tablet&quot;:{&quot;unit&quot;:&quot;px&quot;,&quot;size&quot;:&quot;&quot;,&quot;sizes&quot;:[]},&quot;_transform_translateX_effect_mobile&quot;:{&quot;unit&quot;:&quot;px&quot;,&quot;size&quot;:&quot;&quot;,&quot;sizes&quot;:[]},&quot;_transform_translateY_effect&quot;:{&quot;unit&quot;:&quot;px&quot;,&quot;size&quot;:&quot;&quot;,&quot;sizes&quot;:[]},&quot;_transform_translateY_effect_tablet&quot;:{&quot;unit&quot;:&quot;px&quot;,&quot;size&quot;:&quot;&quot;,&quot;sizes&quot;:[]},&quot;_transform_translateY_effect_mobile&quot;:{&quot;unit&quot;:&quot;px&quot;,&quot;size&quot;:&quot;&quot;,&quot;sizes&quot;:[]},&quot;_transform_scale_effect_tablet&quot;:{&quot;unit&quot;:&quot;px&quot;,&quot;size&quot;:&quot;&quot;,&quot;sizes&quot;:[]},&quot;_transform_scale_effect_mobile&quot;:{&quot;unit&quot;:&quot;px&quot;,&quot;size&quot;:&quot;&quot;,&quot;sizes&quot;:[]}}\" data-widget_type=\"text-editor.default\">\n\t\t\t\t<div class=\"elementor-widget-container\">\n\t\t\t\t\t\t\t\t\t<p>\u00c9tablissons ensemble des relations fortes et positives, cr\u00e9ons du sens, acc\u00e9dons \u00e0 l&rsquo;\u00e9nergie humaine.<\/p>\t\t\t\t\t\t\t\t<\/div>\n\t\t\t\t<\/div>\n\t\t\t\t\t<\/div>\n\t\t<\/div>\n\t\t\t\t\t<\/div>\n\t\t<\/section>\n\t\t\t\t<section class=\"elementor-section elementor-top-section elementor-element elementor-element-7bc8466d elementor-section-boxed elementor-section-height-default elementor-section-height-default exad-glass-effect-no exad-sticky-section-no\" data-id=\"7bc8466d\" data-element_type=\"section\" data-e-type=\"section\">\n\t\t\t\t\t\t<div class=\"elementor-container elementor-column-gap-default\">\n\t\t\t\t\t<div class=\"elementor-column elementor-col-100 elementor-top-column elementor-element elementor-element-312cf5fa exad-glass-effect-no exad-sticky-section-no\" data-id=\"312cf5fa\" data-element_type=\"column\" data-e-type=\"column\">\n\t\t\t<div class=\"elementor-widget-wrap elementor-element-populated\">\n\t\t\t\t\t\t<section class=\"elementor-section elementor-inner-section elementor-element elementor-element-70058fb5 elementor-section-content-top elementor-section-boxed elementor-section-height-default elementor-section-height-default exad-glass-effect-no exad-sticky-section-no\" data-id=\"70058fb5\" data-element_type=\"section\" data-e-type=\"section\">\n\t\t\t\t\t\t<div class=\"elementor-container elementor-column-gap-extended\">\n\t\t\t\t\t<div class=\"elementor-column elementor-col-50 elementor-inner-column elementor-element elementor-element-7fbcc055 exad-glass-effect-no exad-sticky-section-no\" data-id=\"7fbcc055\" data-element_type=\"column\" data-e-type=\"column\">\n\t\t\t<div class=\"elementor-widget-wrap elementor-element-populated\">\n\t\t\t\t\t\t<div class=\"elementor-element elementor-element-705a40a7 exad-sticky-section-no exad-glass-effect-no elementor-widget elementor-widget-heading\" data-id=\"705a40a7\" data-element_type=\"widget\" data-e-type=\"widget\" data-widget_type=\"heading.default\">\n\t\t\t\t<div class=\"elementor-widget-container\">\n\t\t\t\t\t<h2 class=\"elementor-heading-title elementor-size-large\">Pr\u00eat.e \u00e0 dynamiser votre communication ?<\/h2>\t\t\t\t<\/div>\n\t\t\t\t<\/div>\n\t\t\t\t<div class=\"elementor-element elementor-element-48efa9e6 exad-sticky-section-no exad-glass-effect-no elementor-widget elementor-widget-text-editor\" data-id=\"48efa9e6\" data-element_type=\"widget\" data-e-type=\"widget\" data-widget_type=\"text-editor.default\">\n\t\t\t\t<div class=\"elementor-widget-container\">\n\t\t\t\t\t\t\t\t\t<p>Vous souhaitez des informations suppl\u00e9mentaires sur :<\/p><p>* une des formules de l&rsquo;<strong>Accompagnement Laser ? <br \/><\/strong>* un des programmes de l&rsquo;<strong>Acad\u00e9mie Un oeil ouvert<\/strong> ?<br \/>* le <strong>Club Cristal&rsquo;In<\/strong> ?<\/p><p>* ou tout simplement que nous nous entretenions ?&#8230;<\/p><p>Je vous offre un appel d\u00e9couverte, lors duquel nous allons :<br \/>* d\u00e9terminer la nature de vos besoins, de vos ressources,<br \/>* confirmer la pertinence de mes offres pour y r\u00e9pondre, <br \/>* valider l&rsquo;alignement de nos valeurs.<\/p><p>Pour cela, je vous invite \u00e0 renseigner les informations ci-contre. <br \/>Je vous recontacterai rapidement afin d&rsquo;organiser un rendez-vous t\u00e9l\u00e9phonique ou visio.<\/p>\t\t\t\t\t\t\t\t<\/div>\n\t\t\t\t<\/div>\n\t\t\t\t<div class=\"elementor-element elementor-element-6c32c601 elementor-icon-list--layout-traditional elementor-list-item-link-full_width exad-sticky-section-no exad-glass-effect-no elementor-widget elementor-widget-icon-list\" data-id=\"6c32c601\" data-element_type=\"widget\" data-e-type=\"widget\" data-widget_type=\"icon-list.default\">\n\t\t\t\t<div class=\"elementor-widget-container\">\n\t\t\t\t\t\t\t<ul class=\"elementor-icon-list-items\">\n\t\t\t\t\t\t\t<li class=\"elementor-icon-list-item\">\n\t\t\t\t\t\t\t\t\t\t\t<a href=\"#\">\n\n\t\t\t\t\t\t\t\t\t\t\t\t<span class=\"elementor-icon-list-icon\">\n\t\t\t\t\t\t\t<i aria-hidden=\"true\" class=\"fas fa-phone\"><\/i>\t\t\t\t\t\t<\/span>\n\t\t\t\t\t\t\t\t\t\t<span class=\"elementor-icon-list-text\">+33 6 60 92 32 06<\/span>\n\t\t\t\t\t\t\t\t\t\t\t<\/a>\n\t\t\t\t\t\t\t\t\t<\/li>\n\t\t\t\t\t\t\t\t<li class=\"elementor-icon-list-item\">\n\t\t\t\t\t\t\t\t\t\t\t<a href=\"#\">\n\n\t\t\t\t\t\t\t\t\t\t\t\t<span class=\"elementor-icon-list-icon\">\n\t\t\t\t\t\t\t<i aria-hidden=\"true\" class=\"far fa-envelope\"><\/i>\t\t\t\t\t\t<\/span>\n\t\t\t\t\t\t\t\t\t\t<span class=\"elementor-icon-list-text\">contact@martinesarfati.com<\/span>\n\t\t\t\t\t\t\t\t\t\t\t<\/a>\n\t\t\t\t\t\t\t\t\t<\/li>\n\t\t\t\t\t\t<\/ul>\n\t\t\t\t\t\t<\/div>\n\t\t\t\t<\/div>\n\t\t\t\t<div class=\"elementor-element elementor-element-360cfdd3 elementor-grid-4 elementor-shape-rounded e-grid-align-center exad-sticky-section-no exad-glass-effect-no elementor-widget elementor-widget-social-icons\" data-id=\"360cfdd3\" data-element_type=\"widget\" data-e-type=\"widget\" data-widget_type=\"social-icons.default\">\n\t\t\t\t<div class=\"elementor-widget-container\">\n\t\t\t\t\t\t\t<div class=\"elementor-social-icons-wrapper elementor-grid\" role=\"list\">\n\t\t\t\t\t\t\t<span class=\"elementor-grid-item\" role=\"listitem\">\n\t\t\t\t\t<a class=\"elementor-icon elementor-social-icon elementor-social-icon-linkedin-in elementor-animation-grow elementor-repeater-item-ff346d6\" href=\"https:\/\/www.linkedin.com\/in\/martine-sarfati\/\" target=\"_blank\">\n\t\t\t\t\t\t<span class=\"elementor-screen-only\">Linkedin-in<\/span>\n\t\t\t\t\t\t<i aria-hidden=\"true\" class=\"fab fa-linkedin-in\"><\/i>\t\t\t\t\t<\/a>\n\t\t\t\t<\/span>\n\t\t\t\t\t\t\t<span class=\"elementor-grid-item\" role=\"listitem\">\n\t\t\t\t\t<a class=\"elementor-icon elementor-social-icon elementor-social-icon-facebook-f elementor-animation-grow elementor-repeater-item-1fc929f\" href=\"https:\/\/www.facebook.com\/martine.sarfati\/\" target=\"_blank\">\n\t\t\t\t\t\t<span class=\"elementor-screen-only\">Facebook-f<\/span>\n\t\t\t\t\t\t<i aria-hidden=\"true\" class=\"fab fa-facebook-f\"><\/i>\t\t\t\t\t<\/a>\n\t\t\t\t<\/span>\n\t\t\t\t\t\t\t<span class=\"elementor-grid-item\" role=\"listitem\">\n\t\t\t\t\t<a class=\"elementor-icon elementor-social-icon elementor-social-icon-instagram elementor-animation-grow elementor-repeater-item-7ff3640\" href=\"https:\/\/www.instagram.com\/martinesarfaticommunication\/\" target=\"_blank\">\n\t\t\t\t\t\t<span class=\"elementor-screen-only\">Instagram<\/span>\n\t\t\t\t\t\t<i aria-hidden=\"true\" class=\"fab fa-instagram\"><\/i>\t\t\t\t\t<\/a>\n\t\t\t\t<\/span>\n\t\t\t\t\t\t\t<span class=\"elementor-grid-item\" role=\"listitem\">\n\t\t\t\t\t<a class=\"elementor-icon elementor-social-icon elementor-social-icon-twitter elementor-animation-grow elementor-repeater-item-07b1945\" href=\"https:\/\/twitter.com\/MSarfati_Com\" target=\"_blank\">\n\t\t\t\t\t\t<span class=\"elementor-screen-only\">Twitter<\/span>\n\t\t\t\t\t\t<i aria-hidden=\"true\" class=\"fab fa-twitter\"><\/i>\t\t\t\t\t<\/a>\n\t\t\t\t<\/span>\n\t\t\t\t\t<\/div>\n\t\t\t\t\t\t<\/div>\n\t\t\t\t<\/div>\n\t\t\t\t\t<\/div>\n\t\t<\/div>\n\t\t\t\t<div class=\"elementor-column elementor-col-50 elementor-inner-column elementor-element elementor-element-14079b81 exad-glass-effect-no exad-sticky-section-no\" data-id=\"14079b81\" data-element_type=\"column\" data-e-type=\"column\">\n\t\t\t<div class=\"elementor-widget-wrap elementor-element-populated\">\n\t\t\t\t\t\t<div class=\"elementor-element elementor-element-8c0872f exad-sticky-section-no exad-glass-effect-no elementor-widget elementor-widget-text-editor\" data-id=\"8c0872f\" data-element_type=\"widget\" data-e-type=\"widget\" data-widget_type=\"text-editor.default\">\n\t\t\t\t<div class=\"elementor-widget-container\">\n\t\t\t\t\t\t\t\t\t<p>\n<div class=\"wpcf7 no-js\" id=\"wpcf7-f2462-o1\" lang=\"fr-FR\" dir=\"ltr\" data-wpcf7-id=\"2462\">\n<div class=\"screen-reader-response\"><p role=\"status\" aria-live=\"polite\" aria-atomic=\"true\"><\/p> <ul><\/ul><\/div>\n<form action=\"\/index.php\/wp-json\/wp\/v2\/pages\/795#wpcf7-f2462-o1\" method=\"post\" class=\"wpcf7-form init\" aria-label=\"Formulaire de contact\" novalidate=\"novalidate\" data-status=\"init\">\n<fieldset class=\"hidden-fields-container\"><input type=\"hidden\" name=\"_wpcf7\" value=\"2462\" \/><input type=\"hidden\" name=\"_wpcf7_version\" value=\"6.1.5\" \/><input type=\"hidden\" name=\"_wpcf7_locale\" value=\"fr_FR\" \/><input type=\"hidden\" name=\"_wpcf7_unit_tag\" value=\"wpcf7-f2462-o1\" \/><input type=\"hidden\" name=\"_wpcf7_container_post\" value=\"0\" \/><input type=\"hidden\" name=\"_wpcf7_posted_data_hash\" value=\"\" \/>\n<\/fieldset>\n<p><label> Vos nom et pr\u00e9nom<br \/>\n<span class=\"wpcf7-form-control-wrap\" data-name=\"your-name\"><input size=\"40\" maxlength=\"400\" class=\"wpcf7-form-control wpcf7-text wpcf7-validates-as-required\" autocomplete=\"name\" aria-required=\"true\" aria-invalid=\"false\" value=\"\" type=\"text\" name=\"your-name\" \/><\/span> <\/label>\n<\/p>\n<p><label> Votre e-mail<br \/>\n<span class=\"wpcf7-form-control-wrap\" data-name=\"your-email\"><input size=\"40\" maxlength=\"400\" class=\"wpcf7-form-control wpcf7-email wpcf7-validates-as-required wpcf7-text wpcf7-validates-as-email\" autocomplete=\"email\" aria-required=\"true\" aria-invalid=\"false\" value=\"\" type=\"email\" name=\"your-email\" \/><\/span> <\/label>\n<\/p>\n<p><label> Votre num\u00e9ro de T\u00e9l\u00e9phone<br \/>\n<span class=\"wpcf7-form-control-wrap\" data-name=\"your-phonenumber\"><input size=\"40\" maxlength=\"400\" class=\"wpcf7-form-control wpcf7-text wpcf7-validates-as-required\" aria-required=\"true\" aria-invalid=\"false\" value=\"\" type=\"text\" name=\"your-phonenumber\" \/><\/span> <\/label>\n<\/p>\n<p><label> Votre activit\u00e9<br \/>\n<span class=\"wpcf7-form-control-wrap\" data-name=\"your-job\"><input size=\"40\" maxlength=\"400\" class=\"wpcf7-form-control wpcf7-text wpcf7-validates-as-required\" aria-required=\"true\" aria-invalid=\"false\" value=\"\" type=\"text\" name=\"your-job\" \/><\/span> <\/label>\n<\/p>\n<p><label> Objet<br \/>\n<span class=\"wpcf7-form-control-wrap\" data-name=\"your-subject\"><input size=\"40\" maxlength=\"400\" class=\"wpcf7-form-control wpcf7-text wpcf7-validates-as-required\" aria-required=\"true\" aria-invalid=\"false\" value=\"\" type=\"text\" name=\"your-subject\" \/><\/span> <\/label>\n<\/p>\n<p><label> Votre message<br \/>\n<span class=\"wpcf7-form-control-wrap\" data-name=\"your-message\"><textarea cols=\"40\" rows=\"10\" maxlength=\"2000\" class=\"wpcf7-form-control wpcf7-textarea\" aria-invalid=\"false\" name=\"your-message\"><\/textarea><\/span> <\/label>\n<\/p>\n<p><span class=\"wpcf7-form-control-wrap wpcaptcha-411\"><p class=\"c4wp-display-captcha-form\"><label for=\"Veuillez r\u00e9soudre le Captcha*\">Veuillez r\u00e9soudre le Captcha*<\/label><div class=\"c4wp-google-recaptcha\"><\/div><\/p><\/span><input type=\"hidden\" name=\"wpcaptcha-411-sn\" \/>\n<\/p>\n<p><input class=\"wpcf7-form-control wpcf7-submit has-spinner\" type=\"submit\" value=\"Envoyer\" \/>\n<\/p><div class=\"wpcf7-response-output\" aria-hidden=\"true\"><\/div>\n<\/form>\n<\/div>\n<\/p>\t\t\t\t\t\t\t\t<\/div>\n\t\t\t\t<\/div>\n\t\t\t\t\t<\/div>\n\t\t<\/div>\n\t\t\t\t\t<\/div>\n\t\t<\/section>\n\t\t\t\t\t<\/div>\n\t\t<\/div>\n\t\t\t\t\t<\/div>\n\t\t<\/section>\n\t\t\t\t<section class=\"elementor-section elementor-top-section elementor-element elementor-element-8d3e140 elementor-section-boxed elementor-section-height-default elementor-section-height-default exad-glass-effect-no exad-sticky-section-no\" data-id=\"8d3e140\" data-element_type=\"section\" data-e-type=\"section\">\n\t\t\t\t\t\t<div class=\"elementor-container elementor-column-gap-default\">\n\t\t\t\t\t<div class=\"elementor-column elementor-col-100 elementor-top-column elementor-element elementor-element-aa4f1e5 exad-glass-effect-no exad-sticky-section-no\" data-id=\"aa4f1e5\" data-element_type=\"column\" data-e-type=\"column\">\n\t\t\t<div class=\"elementor-widget-wrap elementor-element-populated\">\n\t\t\t\t\t\t<div class=\"elementor-element elementor-element-c97b19f exad-sticky-section-no exad-glass-effect-no elementor-widget elementor-widget-html\" data-id=\"c97b19f\" data-element_type=\"widget\" data-e-type=\"widget\" data-widget_type=\"html.default\">\n\t\t\t\t<div class=\"elementor-widget-container\">\n\t\t\t\t\t<!-- Calendly inline widget begin -->\n<div class=\"calendly-inline-widget\" data-url=\"https:\/\/calendly.com\/martine-sarfati\/30min\" style=\"min-width:320px;height:700px;\"><\/div>\n<script type=\"text\/javascript\" src=\"https:\/\/assets.calendly.com\/assets\/external\/widget.js\" async><\/script>\n<!-- Calendly inline widget end -->\t\t\t\t<\/div>\n\t\t\t\t<\/div>\n\t\t\t\t\t<\/div>\n\t\t<\/div>\n\t\t\t\t\t<\/div>\n\t\t<\/section>\n\t\t\t\t<\/div>\n\t\t","protected":false},"excerpt":{"rendered":"<p>Me contacter \u00c9tablissons ensemble des relations fortes et positives, cr\u00e9ons du sens, acc\u00e9dons \u00e0 l&rsquo;\u00e9nergie humaine. Pr\u00eat.e \u00e0 dynamiser votre communication ? Vous souhaitez des informations suppl\u00e9mentaires sur : * une des formules de l&rsquo;Accompagnement Laser ? * un des programmes de l&rsquo;Acad\u00e9mie Un oeil ouvert ?* le Club Cristal&rsquo;In ? * ou tout simplement &hellip;<\/p>\n<p class=\"read-more\"> <a class=\"\" href=\"https:\/\/martinesarfati.com\/index.php\/me-contacter\"> <span class=\"screen-reader-text\">Me contacter<\/span> Lire la suite\u00a0\u00bb<\/a><\/p>\n","protected":false},"author":1,"featured_media":0,"parent":0,"menu_order":0,"comment_status":"closed","ping_status":"closed","template":"","meta":{"site-sidebar-layout":"no-sidebar","site-content-layout":"page-builder","ast-global-header-display":"","ast-main-header-display":"","ast-hfb-above-header-display":"","ast-hfb-below-header-display":"","ast-hfb-mobile-header-display":"","site-post-title":"disabled","ast-breadcrumbs-content":"","ast-featured-img":"disabled","footer-sml-layout":"","theme-transparent-header-meta":"","adv-header-id-meta":"","stick-header-meta":"","header-above-stick-meta":"","header-main-stick-meta":"","header-below-stick-meta":"","footnotes":""},"class_list":["post-795","page","type-page","status-publish","hentry"],"yoast_head":"<!-- This site is optimized with the Yoast SEO plugin v27.5 - https:\/\/yoast.com\/product\/yoast-seo-wordpress\/ -->\n<title>Me contacter - Martine Sarfati Communication<\/title>\n<meta name=\"robots\" content=\"index, follow, max-snippet:-1, max-image-preview:large, max-video-preview:-1\" \/>\n<link rel=\"canonical\" href=\"https:\/\/martinesarfati.com\/index.php\/me-contacter\" \/>\n<meta property=\"og:locale\" content=\"fr_FR\" \/>\n<meta property=\"og:type\" content=\"article\" \/>\n<meta property=\"og:title\" content=\"Me contacter - Martine Sarfati Communication\" \/>\n<meta property=\"og:description\" content=\"Me contacter \u00c9tablissons ensemble des relations fortes et positives, cr\u00e9ons du sens, acc\u00e9dons \u00e0 l&rsquo;\u00e9nergie humaine. Pr\u00eat.e \u00e0 dynamiser votre communication ? Vous souhaitez des informations suppl\u00e9mentaires sur : * une des formules de l&rsquo;Accompagnement Laser ? * un des programmes de l&rsquo;Acad\u00e9mie Un oeil ouvert ?* le Club Cristal&rsquo;In ? * ou tout simplement &hellip; Me contacter Lire la suite\u00a0\u00bb\" \/>\n<meta property=\"og:url\" content=\"https:\/\/martinesarfati.com\/index.php\/me-contacter\" \/>\n<meta property=\"og:site_name\" content=\"Martine Sarfati Communication\" \/>\n<meta property=\"article:publisher\" content=\"https:\/\/www.facebook.com\/martine.sarfati\" \/>\n<meta property=\"article:modified_time\" content=\"2023-11-07T19:09:20+00:00\" \/>\n<meta name=\"twitter:card\" content=\"summary_large_image\" \/>\n<meta name=\"twitter:site\" content=\"@MSarfati_Com\" \/>\n<meta name=\"twitter:label1\" content=\"Dur\u00e9e de lecture estim\u00e9e\" \/>\n\t<meta name=\"twitter:data1\" content=\"1 minute\" \/>\n<script type=\"application\/ld+json\" class=\"yoast-schema-graph\">{\"@context\":\"https:\\\/\\\/schema.org\",\"@graph\":[{\"@type\":\"WebPage\",\"@id\":\"https:\\\/\\\/martinesarfati.com\\\/index.php\\\/me-contacter\",\"url\":\"https:\\\/\\\/martinesarfati.com\\\/index.php\\\/me-contacter\",\"name\":\"Me contacter - Martine Sarfati Communication\",\"isPartOf\":{\"@id\":\"https:\\\/\\\/martinesarfati.com\\\/#website\"},\"datePublished\":\"2018-02-12T14:48:23+00:00\",\"dateModified\":\"2023-11-07T19:09:20+00:00\",\"breadcrumb\":{\"@id\":\"https:\\\/\\\/martinesarfati.com\\\/index.php\\\/me-contacter#breadcrumb\"},\"inLanguage\":\"fr-FR\",\"potentialAction\":[{\"@type\":\"ReadAction\",\"target\":[\"https:\\\/\\\/martinesarfati.com\\\/index.php\\\/me-contacter\"]}]},{\"@type\":\"BreadcrumbList\",\"@id\":\"https:\\\/\\\/martinesarfati.com\\\/index.php\\\/me-contacter#breadcrumb\",\"itemListElement\":[{\"@type\":\"ListItem\",\"position\":1,\"name\":\"Accueil\",\"item\":\"https:\\\/\\\/martinesarfati.com\\\/\"},{\"@type\":\"ListItem\",\"position\":2,\"name\":\"Me contacter\"}]},{\"@type\":\"WebSite\",\"@id\":\"https:\\\/\\\/martinesarfati.com\\\/#website\",\"url\":\"https:\\\/\\\/martinesarfati.com\\\/\",\"name\":\"Martine Sarfati Communication\",\"description\":\"Mieux communiquer - Mieux r\u00e9ussir\",\"publisher\":{\"@id\":\"https:\\\/\\\/martinesarfati.com\\\/#\\\/schema\\\/person\\\/d4c5107e84c4363871a6926f4260b3f3\"},\"potentialAction\":[{\"@type\":\"SearchAction\",\"target\":{\"@type\":\"EntryPoint\",\"urlTemplate\":\"https:\\\/\\\/martinesarfati.com\\\/?s={search_term_string}\"},\"query-input\":{\"@type\":\"PropertyValueSpecification\",\"valueRequired\":true,\"valueName\":\"search_term_string\"}}],\"inLanguage\":\"fr-FR\"},{\"@type\":[\"Person\",\"Organization\"],\"@id\":\"https:\\\/\\\/martinesarfati.com\\\/#\\\/schema\\\/person\\\/d4c5107e84c4363871a6926f4260b3f3\",\"name\":\"Martine SARFATI\",\"image\":{\"@type\":\"ImageObject\",\"inLanguage\":\"fr-FR\",\"@id\":\"https:\\\/\\\/martinesarfati.com\\\/wp-content\\\/uploads\\\/2022\\\/06\\\/Presentation1-removebg-preview.png\",\"url\":\"https:\\\/\\\/martinesarfati.com\\\/wp-content\\\/uploads\\\/2022\\\/06\\\/Presentation1-removebg-preview.png\",\"contentUrl\":\"https:\\\/\\\/martinesarfati.com\\\/wp-content\\\/uploads\\\/2022\\\/06\\\/Presentation1-removebg-preview.png\",\"width\":378,\"height\":378,\"caption\":\"Martine SARFATI\"},\"logo\":{\"@id\":\"https:\\\/\\\/martinesarfati.com\\\/wp-content\\\/uploads\\\/2022\\\/06\\\/Presentation1-removebg-preview.png\"},\"description\":\"Experte, Mentore et Formatrice en Communication, j'accompagne les entrepreneurs.ses \u00e0 appr\u00e9hender et \u00e0 mettre en place les strat\u00e9gies et les actions de communication pour leur meilleure r\u00e9ussite.\",\"sameAs\":[\"http:\\\/\\\/www.martinesarfati.com\",\"https:\\\/\\\/www.facebook.com\\\/martine.sarfati\",\"https:\\\/\\\/www.instagram.com\\\/martinesarfaticommunication\\\/\",\"https:\\\/\\\/www.linkedin.com\\\/in\\\/martine-sarfati\\\/\",\"https:\\\/\\\/x.com\\\/https:\\\/\\\/twitter.com\\\/MSarfati_Com\",\"https:\\\/\\\/www.youtube.com\\\/@martinesarfati06\"]}]}<\/script>\n<!-- \/ Yoast SEO plugin. -->","yoast_head_json":{"title":"Me contacter - Martine Sarfati Communication","robots":{"index":"index","follow":"follow","max-snippet":"max-snippet:-1","max-image-preview":"max-image-preview:large","max-video-preview":"max-video-preview:-1"},"canonical":"https:\/\/martinesarfati.com\/index.php\/me-contacter","og_locale":"fr_FR","og_type":"article","og_title":"Me contacter - Martine Sarfati Communication","og_description":"Me contacter \u00c9tablissons ensemble des relations fortes et positives, cr\u00e9ons du sens, acc\u00e9dons \u00e0 l&rsquo;\u00e9nergie humaine. Pr\u00eat.e \u00e0 dynamiser votre communication ? Vous souhaitez des informations suppl\u00e9mentaires sur : * une des formules de l&rsquo;Accompagnement Laser ? * un des programmes de l&rsquo;Acad\u00e9mie Un oeil ouvert ?* le Club Cristal&rsquo;In ? * ou tout simplement &hellip; Me contacter Lire la suite\u00a0\u00bb","og_url":"https:\/\/martinesarfati.com\/index.php\/me-contacter","og_site_name":"Martine Sarfati Communication","article_publisher":"https:\/\/www.facebook.com\/martine.sarfati","article_modified_time":"2023-11-07T19:09:20+00:00","twitter_card":"summary_large_image","twitter_site":"@MSarfati_Com","twitter_misc":{"Dur\u00e9e de lecture estim\u00e9e":"1 minute"},"schema":{"@context":"https:\/\/schema.org","@graph":[{"@type":"WebPage","@id":"https:\/\/martinesarfati.com\/index.php\/me-contacter","url":"https:\/\/martinesarfati.com\/index.php\/me-contacter","name":"Me contacter - Martine Sarfati Communication","isPartOf":{"@id":"https:\/\/martinesarfati.com\/#website"},"datePublished":"2018-02-12T14:48:23+00:00","dateModified":"2023-11-07T19:09:20+00:00","breadcrumb":{"@id":"https:\/\/martinesarfati.com\/index.php\/me-contacter#breadcrumb"},"inLanguage":"fr-FR","potentialAction":[{"@type":"ReadAction","target":["https:\/\/martinesarfati.com\/index.php\/me-contacter"]}]},{"@type":"BreadcrumbList","@id":"https:\/\/martinesarfati.com\/index.php\/me-contacter#breadcrumb","itemListElement":[{"@type":"ListItem","position":1,"name":"Accueil","item":"https:\/\/martinesarfati.com\/"},{"@type":"ListItem","position":2,"name":"Me contacter"}]},{"@type":"WebSite","@id":"https:\/\/martinesarfati.com\/#website","url":"https:\/\/martinesarfati.com\/","name":"Martine Sarfati Communication","description":"Mieux communiquer - Mieux r\u00e9ussir","publisher":{"@id":"https:\/\/martinesarfati.com\/#\/schema\/person\/d4c5107e84c4363871a6926f4260b3f3"},"potentialAction":[{"@type":"SearchAction","target":{"@type":"EntryPoint","urlTemplate":"https:\/\/martinesarfati.com\/?s={search_term_string}"},"query-input":{"@type":"PropertyValueSpecification","valueRequired":true,"valueName":"search_term_string"}}],"inLanguage":"fr-FR"},{"@type":["Person","Organization"],"@id":"https:\/\/martinesarfati.com\/#\/schema\/person\/d4c5107e84c4363871a6926f4260b3f3","name":"Martine SARFATI","image":{"@type":"ImageObject","inLanguage":"fr-FR","@id":"https:\/\/martinesarfati.com\/wp-content\/uploads\/2022\/06\/Presentation1-removebg-preview.png","url":"https:\/\/martinesarfati.com\/wp-content\/uploads\/2022\/06\/Presentation1-removebg-preview.png","contentUrl":"https:\/\/martinesarfati.com\/wp-content\/uploads\/2022\/06\/Presentation1-removebg-preview.png","width":378,"height":378,"caption":"Martine SARFATI"},"logo":{"@id":"https:\/\/martinesarfati.com\/wp-content\/uploads\/2022\/06\/Presentation1-removebg-preview.png"},"description":"Experte, Mentore et Formatrice en Communication, j'accompagne les entrepreneurs.ses \u00e0 appr\u00e9hender et \u00e0 mettre en place les strat\u00e9gies et les actions de communication pour leur meilleure r\u00e9ussite.","sameAs":["http:\/\/www.martinesarfati.com","https:\/\/www.facebook.com\/martine.sarfati","https:\/\/www.instagram.com\/martinesarfaticommunication\/","https:\/\/www.linkedin.com\/in\/martine-sarfati\/","https:\/\/x.com\/https:\/\/twitter.com\/MSarfati_Com","https:\/\/www.youtube.com\/@martinesarfati06"]}]}},"_links":{"self":[{"href":"https:\/\/martinesarfati.com\/index.php\/wp-json\/wp\/v2\/pages\/795","targetHints":{"allow":["GET"]}}],"collection":[{"href":"https:\/\/martinesarfati.com\/index.php\/wp-json\/wp\/v2\/pages"}],"about":[{"href":"https:\/\/martinesarfati.com\/index.php\/wp-json\/wp\/v2\/types\/page"}],"author":[{"embeddable":true,"href":"https:\/\/martinesarfati.com\/index.php\/wp-json\/wp\/v2\/users\/1"}],"replies":[{"embeddable":true,"href":"https:\/\/martinesarfati.com\/index.php\/wp-json\/wp\/v2\/comments?post=795"}],"version-history":[{"count":90,"href":"https:\/\/martinesarfati.com\/index.php\/wp-json\/wp\/v2\/pages\/795\/revisions"}],"predecessor-version":[{"id":2480,"href":"https:\/\/martinesarfati.com\/index.php\/wp-json\/wp\/v2\/pages\/795\/revisions\/2480"}],"wp:attachment":[{"href":"https:\/\/martinesarfati.com\/index.php\/wp-json\/wp\/v2\/media?parent=795"}],"curies":[{"name":"wp","href":"https:\/\/api.w.org\/{rel}","templated":true}]}}