{"id":2054,"date":"2022-07-31T15:21:39","date_gmt":"2022-07-31T13:21:39","guid":{"rendered":"https:\/\/martinesarfati.com\/?page_id=2054"},"modified":"2024-02-09T22:00:55","modified_gmt":"2024-02-09T21:00:55","slug":"club-cristalin","status":"publish","type":"page","link":"https:\/\/martinesarfati.com\/index.php\/club-cristalin","title":{"rendered":"Club Cristal&rsquo;in"},"content":{"rendered":"\t\t<div data-elementor-type=\"wp-page\" data-elementor-id=\"2054\" class=\"elementor elementor-2054\">\n\t\t\t\t\t\t<section class=\"elementor-section elementor-top-section elementor-element elementor-element-f06ff5e elementor-section-content-bottom elementor-section-height-full elementor-section-boxed elementor-section-height-default elementor-section-items-middle exad-glass-effect-no exad-sticky-section-no\" data-id=\"f06ff5e\" data-element_type=\"section\" data-e-type=\"section\" data-settings=\"{&quot;background_background&quot;:&quot;classic&quot;}\">\n\t\t\t\t\t\t\t<div class=\"elementor-background-overlay\"><\/div>\n\t\t\t\t\t\t\t<div class=\"elementor-container elementor-column-gap-extended\">\n\t\t\t\t\t<div class=\"elementor-column elementor-col-100 elementor-top-column elementor-element elementor-element-0684866 exad-glass-effect-no exad-sticky-section-no\" data-id=\"0684866\" data-element_type=\"column\" data-e-type=\"column\">\n\t\t\t<div class=\"elementor-widget-wrap elementor-element-populated\">\n\t\t\t\t\t\t<div class=\"elementor-element elementor-element-1228fa0 exad-sticky-section-no exad-glass-effect-no elementor-widget elementor-widget-heading\" data-id=\"1228fa0\" data-element_type=\"widget\" data-e-type=\"widget\" data-settings=\"{&quot;_animation&quot;:&quot;none&quot;}\" data-widget_type=\"heading.default\">\n\t\t\t\t<div class=\"elementor-widget-container\">\n\t\t\t\t\t<h1 class=\"elementor-heading-title elementor-size-default\">Club Cristal'in<\/h1>\t\t\t\t<\/div>\n\t\t\t\t<\/div>\n\t\t\t\t<div class=\"elementor-element elementor-element-d061075 e-transform e-transform elementor-widget__width-initial exad-sticky-section-no exad-glass-effect-no elementor-widget elementor-widget-text-editor\" data-id=\"d061075\" data-element_type=\"widget\" data-e-type=\"widget\" data-settings=\"{&quot;_transform_scale_effect&quot;:{&quot;unit&quot;:&quot;px&quot;,&quot;size&quot;:0.9,&quot;sizes&quot;:[]},&quot;_animation&quot;:&quot;none&quot;,&quot;_transform_translateX_effect&quot;:{&quot;unit&quot;:&quot;px&quot;,&quot;size&quot;:&quot;&quot;,&quot;sizes&quot;:[]},&quot;_transform_translateX_effect_tablet&quot;:{&quot;unit&quot;:&quot;px&quot;,&quot;size&quot;:&quot;&quot;,&quot;sizes&quot;:[]},&quot;_transform_translateX_effect_mobile&quot;:{&quot;unit&quot;:&quot;px&quot;,&quot;size&quot;:&quot;&quot;,&quot;sizes&quot;:[]},&quot;_transform_translateY_effect&quot;:{&quot;unit&quot;:&quot;px&quot;,&quot;size&quot;:&quot;&quot;,&quot;sizes&quot;:[]},&quot;_transform_translateY_effect_tablet&quot;:{&quot;unit&quot;:&quot;px&quot;,&quot;size&quot;:&quot;&quot;,&quot;sizes&quot;:[]},&quot;_transform_translateY_effect_mobile&quot;:{&quot;unit&quot;:&quot;px&quot;,&quot;size&quot;:&quot;&quot;,&quot;sizes&quot;:[]},&quot;_transform_scale_effect_tablet&quot;:{&quot;unit&quot;:&quot;px&quot;,&quot;size&quot;:&quot;&quot;,&quot;sizes&quot;:[]},&quot;_transform_scale_effect_mobile&quot;:{&quot;unit&quot;:&quot;px&quot;,&quot;size&quot;:&quot;&quot;,&quot;sizes&quot;:[]}}\" data-widget_type=\"text-editor.default\">\n\t\t\t\t<div class=\"elementor-widget-container\">\n\t\t\t\t\t\t\t\t\t<p>Tel le cristal, r\u00e9unissons notre puissance cr\u00e9atrice pour une meilleure r\u00e9ussite&#8230;<\/p>\t\t\t\t\t\t\t\t<\/div>\n\t\t\t\t<\/div>\n\t\t\t\t\t<\/div>\n\t\t<\/div>\n\t\t\t\t\t<\/div>\n\t\t<\/section>\n\t\t\t\t<section class=\"elementor-section elementor-top-section elementor-element elementor-element-43fbbb4 elementor-section-boxed elementor-section-height-default elementor-section-height-default exad-glass-effect-no exad-sticky-section-no\" data-id=\"43fbbb4\" data-element_type=\"section\" data-e-type=\"section\">\n\t\t\t\t\t\t<div class=\"elementor-container elementor-column-gap-default\">\n\t\t\t\t\t<div class=\"elementor-column elementor-col-100 elementor-top-column elementor-element elementor-element-5a80b55 exad-glass-effect-no exad-sticky-section-no\" data-id=\"5a80b55\" data-element_type=\"column\" data-e-type=\"column\">\n\t\t\t<div class=\"elementor-widget-wrap elementor-element-populated\">\n\t\t\t\t\t\t<div class=\"elementor-element elementor-element-acd5550 exad-sticky-section-no exad-glass-effect-no elementor-widget elementor-widget-heading\" data-id=\"acd5550\" data-element_type=\"widget\" data-e-type=\"widget\" data-widget_type=\"heading.default\">\n\t\t\t\t<div class=\"elementor-widget-container\">\n\t\t\t\t\t<h2 class=\"elementor-heading-title elementor-size-default\">Le Club Cristal'in, pourquoi ?<\/h2>\t\t\t\t<\/div>\n\t\t\t\t<\/div>\n\t\t\t\t<div class=\"elementor-element elementor-element-bcc0afb elementor-widget__width-inherit exad-sticky-section-no exad-glass-effect-no elementor-widget elementor-widget-text-editor\" data-id=\"bcc0afb\" data-element_type=\"widget\" data-e-type=\"widget\" data-widget_type=\"text-editor.default\">\n\t\t\t\t<div class=\"elementor-widget-container\">\n\t\t\t\t\t\t\t\t\t<p>Tout d\u00e9bute \u00e0 la lecture du livre \u00ab\u00a0M\u00eame lorsqu&rsquo;elle recule, la rivi\u00e8re avance\u00a0\u00bb lorsque l&rsquo;auteur, Olivier Clerc, explique la m\u00e9taphore de l&rsquo;action du cristal sur le magma, lorsque la propagation de l&rsquo;information, de l&rsquo;ordre et du sens, peut alors aider \u00e0 traverser bon nombre de difficult\u00e9s&#8230; \u00e0 condition de prendre le temps d&rsquo;en semer l&rsquo;id\u00e9e cristalline dans notre esprit.<br \/>Le cristal de roche est consid\u00e9r\u00e9, dans la tradition Chamanique, comme une pierre sacr\u00e9e, symbole de sagesse et de clairvoyance. Ses vertus sont reconnues pour d\u00e9bloquer et canaliser les \u00e9nergies, d\u00e9velopper la visualisation, la clairvoyance, l&rsquo;intuition, la concentration et \u00e9liminer la n\u00e9gativit\u00e9 pour la transformer en ondes positives.<\/p><p>Cette \u00e9nergie qui influence ce qu&rsquo;il y a de plus solide et mat\u00e9riel, cet ADN qui transporte l&rsquo;information immat\u00e9rielle, cette puret\u00e9 qui caract\u00e9rise le cristal et lui permet de transmettre la lumi\u00e8re, la simplicit\u00e9 de sa structure, &#8230; ce sont l\u00e0 toutes les vertus et leur pouvoir que je souhaite faire rayonner au sein de ce <strong>Club Cristal&rsquo;in<\/strong> pour <strong>Mieux Communiquer &#8211; Mieux R\u00e9ussir<\/strong> !<\/p><p><b>Ses objectifs :<\/b><\/p><p><strong>1 &#8211; Innovation et mise \u00e0 jour constantes : <\/strong>informer sur les derni\u00e8res tendances, technologies et meilleures pratiques dans le domaine de la communication tout en apportant un contenu et une m\u00e9thodologie qui refl\u00e8tent ces tendances. Garantir ainsi la compr\u00e9hension constante des nouveaux paradigmes et savoir en exploiter le potentiel.<\/p><p><strong>2 &#8211; Sentiment d&rsquo;appartenance : <\/strong>au sein d&rsquo;un groupe partageant la m\u00eame dynamique, la confiance, des valeurs communes et la volont\u00e9 d&rsquo;\u00e9veil permanent, le soutien et la validation sociale se trouvent renforc\u00e9.e.s.<\/p><p><strong>3 &#8211; Motivation et inspiration continues : <\/strong>l&rsquo;exp\u00e9rience que je souhaite offrir est celle qui motive, inspire, enthousiasme intens\u00e9ment et constamment dans le but de demeurer curieux de son environnement et d&rsquo;explorer de nouvelles possibilit\u00e9s afin de poursuivre sa croissance en compl\u00e8te s\u00e9r\u00e9nit\u00e9.<\/p><p>\u00a0<\/p>\t\t\t\t\t\t\t\t<\/div>\n\t\t\t\t<\/div>\n\t\t\t\t<div class=\"elementor-element elementor-element-8db26dd exad-sticky-section-no exad-glass-effect-no elementor-widget elementor-widget-heading\" data-id=\"8db26dd\" data-element_type=\"widget\" data-e-type=\"widget\" data-widget_type=\"heading.default\">\n\t\t\t\t<div class=\"elementor-widget-container\">\n\t\t\t\t\t<h2 class=\"elementor-heading-title elementor-size-default\">Le Club Cristal'in,  c'est quoi ?<\/h2>\t\t\t\t<\/div>\n\t\t\t\t<\/div>\n\t\t\t\t<div class=\"elementor-element elementor-element-f4b7a7f elementor-widget__width-inherit exad-sticky-section-no exad-glass-effect-no elementor-widget elementor-widget-text-editor\" data-id=\"f4b7a7f\" data-element_type=\"widget\" data-e-type=\"widget\" data-widget_type=\"text-editor.default\">\n\t\t\t\t<div class=\"elementor-widget-container\">\n\t\t\t\t\t\t\t\t\t<p>Le <strong>Club Cristal&rsquo;in <\/strong>regroupe des entrepreneur.e.s bienveillant.e.s, d\u00e9sireux.ses d&rsquo;\u00e9changer, de partager, d&rsquo;\u00eatre soutenu.e.s, entour\u00e9.e.s, d&rsquo;optimiser leurs efforts, de booster leurs r\u00e9sultats, de d\u00e9velopper des relations fortes, inspirantes et sinc\u00e8res, de s&rsquo;interroger sur certain.e.s aspects ou \u00e9volutions de la communication ou autres domaines,&#8230;<\/p><p>Le <strong>Club Cristal&rsquo;in <\/strong>s&rsquo;articule comme suit :<br \/>&gt; une s\u00e9ance de groupe de 90 min en direct en visio chaque 3 semaines, <br \/>&gt; un acc\u00e8s permanent \u00e0 tous les replays et aux diff\u00e9rents documents et liens \u00e9voqu\u00e9s lors des s\u00e9ances (durant la dur\u00e9e de l&rsquo;abonnement), <br \/>&gt; un contact 24\/24 avec tout le groupe gr\u00e2ce \u00e0 l&rsquo;appartenance \u00e0 un fil de discussion WhattsApp.<\/p><p>Chaque ann\u00e9e, un \u00e9v\u00e9nement sera organis\u00e9 avec plusieurs experts du domaine de la communication et de l&rsquo;entreprenariat.<\/p><p>Afin d&rsquo;assurer l&rsquo;alignement de ses membres, le <strong>Club Cristal&rsquo;in <\/strong>est accessible uniquement apr\u00e8s un entretien avec Martine Sarfati. L&rsquo;\u00e9thique, la bienveillance, le service, la collaboration, la discr\u00e9tion, l&rsquo;humilit\u00e9, sont les valeurs indispensables pour joindre le <b>Club Cristal&rsquo;in<\/b>.<\/p>\t\t\t\t\t\t\t\t<\/div>\n\t\t\t\t<\/div>\n\t\t\t\t<div class=\"elementor-element elementor-element-4d9e56e elementor-align-center elementor-widget__width-initial exad-sticky-section-no exad-glass-effect-no elementor-widget elementor-widget-button\" data-id=\"4d9e56e\" data-element_type=\"widget\" data-e-type=\"widget\" data-widget_type=\"button.default\">\n\t\t\t\t<div class=\"elementor-widget-container\">\n\t\t\t\t\t\t\t\t\t<div class=\"elementor-button-wrapper\">\n\t\t\t\t\t<a class=\"elementor-button elementor-button-link elementor-size-sm\" href=\"https:\/\/martinesarfati.com\/index.php\/me-contacter\">\n\t\t\t\t\t\t<span class=\"elementor-button-content-wrapper\">\n\t\t\t\t\t\t\t\t\t<span class=\"elementor-button-text\">Je suis int\u00e9ress\u00e9.e par le Club Cristal'in<\/span>\n\t\t\t\t\t<\/span>\n\t\t\t\t\t<\/a>\n\t\t\t\t<\/div>\n\t\t\t\t\t\t\t\t<\/div>\n\t\t\t\t<\/div>\n\t\t\t\t\t<\/div>\n\t\t<\/div>\n\t\t\t\t\t<\/div>\n\t\t<\/section>\n\t\t\t\t<\/div>\n\t\t","protected":false},"excerpt":{"rendered":"<p>Club Cristal&rsquo;in Tel le cristal, r\u00e9unissons notre puissance cr\u00e9atrice pour une meilleure r\u00e9ussite&#8230; Le Club Cristal&rsquo;in, pourquoi ? Tout d\u00e9bute \u00e0 la lecture du livre \u00ab\u00a0M\u00eame lorsqu&rsquo;elle recule, la rivi\u00e8re avance\u00a0\u00bb lorsque l&rsquo;auteur, Olivier Clerc, explique la m\u00e9taphore de l&rsquo;action du cristal sur le magma, lorsque la propagation de l&rsquo;information, de l&rsquo;ordre et du sens, &hellip;<\/p>\n<p class=\"read-more\"> <a class=\"\" href=\"https:\/\/martinesarfati.com\/index.php\/club-cristalin\"> <span class=\"screen-reader-text\">Club Cristal&rsquo;in<\/span> Lire la suite\u00a0\u00bb<\/a><\/p>\n","protected":false},"author":1,"featured_media":0,"parent":0,"menu_order":0,"comment_status":"closed","ping_status":"closed","template":"","meta":{"site-sidebar-layout":"no-sidebar","site-content-layout":"page-builder","ast-global-header-display":"","ast-main-header-display":"","ast-hfb-above-header-display":"","ast-hfb-below-header-display":"","ast-hfb-mobile-header-display":"","site-post-title":"disabled","ast-breadcrumbs-content":"","ast-featured-img":"disabled","footer-sml-layout":"","theme-transparent-header-meta":"","adv-header-id-meta":"","stick-header-meta":"","header-above-stick-meta":"","header-main-stick-meta":"","header-below-stick-meta":"","footnotes":""},"class_list":["post-2054","page","type-page","status-publish","hentry"],"yoast_head":"<!-- This site is optimized with the Yoast SEO plugin v27.5 - https:\/\/yoast.com\/product\/yoast-seo-wordpress\/ -->\n<title>Club Cristal&#039;in - Martine Sarfati Communication<\/title>\n<meta name=\"robots\" content=\"index, follow, max-snippet:-1, max-image-preview:large, max-video-preview:-1\" \/>\n<link rel=\"canonical\" href=\"https:\/\/martinesarfati.com\/index.php\/club-cristalin\" \/>\n<meta property=\"og:locale\" content=\"fr_FR\" \/>\n<meta property=\"og:type\" content=\"article\" \/>\n<meta property=\"og:title\" content=\"Club Cristal&#039;in - Martine Sarfati Communication\" \/>\n<meta property=\"og:description\" content=\"Club Cristal&rsquo;in Tel le cristal, r\u00e9unissons notre puissance cr\u00e9atrice pour une meilleure r\u00e9ussite&#8230; Le Club Cristal&rsquo;in, pourquoi ? Tout d\u00e9bute \u00e0 la lecture du livre \u00ab\u00a0M\u00eame lorsqu&rsquo;elle recule, la rivi\u00e8re avance\u00a0\u00bb lorsque l&rsquo;auteur, Olivier Clerc, explique la m\u00e9taphore de l&rsquo;action du cristal sur le magma, lorsque la propagation de l&rsquo;information, de l&rsquo;ordre et du sens, &hellip; Club Cristal&rsquo;in Lire la suite\u00a0\u00bb\" \/>\n<meta property=\"og:url\" content=\"https:\/\/martinesarfati.com\/index.php\/club-cristalin\" \/>\n<meta property=\"og:site_name\" content=\"Martine Sarfati Communication\" \/>\n<meta property=\"article:publisher\" content=\"https:\/\/www.facebook.com\/martine.sarfati\" \/>\n<meta property=\"article:modified_time\" content=\"2024-02-09T21:00:55+00:00\" \/>\n<meta name=\"twitter:card\" content=\"summary_large_image\" \/>\n<meta name=\"twitter:site\" content=\"@MSarfati_Com\" \/>\n<meta name=\"twitter:label1\" content=\"Dur\u00e9e de lecture estim\u00e9e\" \/>\n\t<meta name=\"twitter:data1\" content=\"3 minutes\" \/>\n<script type=\"application\/ld+json\" class=\"yoast-schema-graph\">{\"@context\":\"https:\\\/\\\/schema.org\",\"@graph\":[{\"@type\":\"WebPage\",\"@id\":\"https:\\\/\\\/martinesarfati.com\\\/index.php\\\/club-cristalin\",\"url\":\"https:\\\/\\\/martinesarfati.com\\\/index.php\\\/club-cristalin\",\"name\":\"Club Cristal'in - Martine Sarfati Communication\",\"isPartOf\":{\"@id\":\"https:\\\/\\\/martinesarfati.com\\\/#website\"},\"datePublished\":\"2022-07-31T13:21:39+00:00\",\"dateModified\":\"2024-02-09T21:00:55+00:00\",\"breadcrumb\":{\"@id\":\"https:\\\/\\\/martinesarfati.com\\\/index.php\\\/club-cristalin#breadcrumb\"},\"inLanguage\":\"fr-FR\",\"potentialAction\":[{\"@type\":\"ReadAction\",\"target\":[\"https:\\\/\\\/martinesarfati.com\\\/index.php\\\/club-cristalin\"]}]},{\"@type\":\"BreadcrumbList\",\"@id\":\"https:\\\/\\\/martinesarfati.com\\\/index.php\\\/club-cristalin#breadcrumb\",\"itemListElement\":[{\"@type\":\"ListItem\",\"position\":1,\"name\":\"Accueil\",\"item\":\"https:\\\/\\\/martinesarfati.com\\\/\"},{\"@type\":\"ListItem\",\"position\":2,\"name\":\"Club Cristal&#8217;in\"}]},{\"@type\":\"WebSite\",\"@id\":\"https:\\\/\\\/martinesarfati.com\\\/#website\",\"url\":\"https:\\\/\\\/martinesarfati.com\\\/\",\"name\":\"Martine Sarfati Communication\",\"description\":\"Mieux communiquer - Mieux r\u00e9ussir\",\"publisher\":{\"@id\":\"https:\\\/\\\/martinesarfati.com\\\/#\\\/schema\\\/person\\\/d4c5107e84c4363871a6926f4260b3f3\"},\"potentialAction\":[{\"@type\":\"SearchAction\",\"target\":{\"@type\":\"EntryPoint\",\"urlTemplate\":\"https:\\\/\\\/martinesarfati.com\\\/?s={search_term_string}\"},\"query-input\":{\"@type\":\"PropertyValueSpecification\",\"valueRequired\":true,\"valueName\":\"search_term_string\"}}],\"inLanguage\":\"fr-FR\"},{\"@type\":[\"Person\",\"Organization\"],\"@id\":\"https:\\\/\\\/martinesarfati.com\\\/#\\\/schema\\\/person\\\/d4c5107e84c4363871a6926f4260b3f3\",\"name\":\"Martine SARFATI\",\"image\":{\"@type\":\"ImageObject\",\"inLanguage\":\"fr-FR\",\"@id\":\"https:\\\/\\\/martinesarfati.com\\\/wp-content\\\/uploads\\\/2022\\\/06\\\/Presentation1-removebg-preview.png\",\"url\":\"https:\\\/\\\/martinesarfati.com\\\/wp-content\\\/uploads\\\/2022\\\/06\\\/Presentation1-removebg-preview.png\",\"contentUrl\":\"https:\\\/\\\/martinesarfati.com\\\/wp-content\\\/uploads\\\/2022\\\/06\\\/Presentation1-removebg-preview.png\",\"width\":378,\"height\":378,\"caption\":\"Martine SARFATI\"},\"logo\":{\"@id\":\"https:\\\/\\\/martinesarfati.com\\\/wp-content\\\/uploads\\\/2022\\\/06\\\/Presentation1-removebg-preview.png\"},\"description\":\"Experte, Mentore et Formatrice en Communication, j'accompagne les entrepreneurs.ses \u00e0 appr\u00e9hender et \u00e0 mettre en place les strat\u00e9gies et les actions de communication pour leur meilleure r\u00e9ussite.\",\"sameAs\":[\"http:\\\/\\\/www.martinesarfati.com\",\"https:\\\/\\\/www.facebook.com\\\/martine.sarfati\",\"https:\\\/\\\/www.instagram.com\\\/martinesarfaticommunication\\\/\",\"https:\\\/\\\/www.linkedin.com\\\/in\\\/martine-sarfati\\\/\",\"https:\\\/\\\/x.com\\\/https:\\\/\\\/twitter.com\\\/MSarfati_Com\",\"https:\\\/\\\/www.youtube.com\\\/@martinesarfati06\"]}]}<\/script>\n<!-- \/ Yoast SEO plugin. -->","yoast_head_json":{"title":"Club Cristal'in - Martine Sarfati Communication","robots":{"index":"index","follow":"follow","max-snippet":"max-snippet:-1","max-image-preview":"max-image-preview:large","max-video-preview":"max-video-preview:-1"},"canonical":"https:\/\/martinesarfati.com\/index.php\/club-cristalin","og_locale":"fr_FR","og_type":"article","og_title":"Club Cristal'in - Martine Sarfati Communication","og_description":"Club Cristal&rsquo;in Tel le cristal, r\u00e9unissons notre puissance cr\u00e9atrice pour une meilleure r\u00e9ussite&#8230; Le Club Cristal&rsquo;in, pourquoi ? Tout d\u00e9bute \u00e0 la lecture du livre \u00ab\u00a0M\u00eame lorsqu&rsquo;elle recule, la rivi\u00e8re avance\u00a0\u00bb lorsque l&rsquo;auteur, Olivier Clerc, explique la m\u00e9taphore de l&rsquo;action du cristal sur le magma, lorsque la propagation de l&rsquo;information, de l&rsquo;ordre et du sens, &hellip; Club Cristal&rsquo;in Lire la suite\u00a0\u00bb","og_url":"https:\/\/martinesarfati.com\/index.php\/club-cristalin","og_site_name":"Martine Sarfati Communication","article_publisher":"https:\/\/www.facebook.com\/martine.sarfati","article_modified_time":"2024-02-09T21:00:55+00:00","twitter_card":"summary_large_image","twitter_site":"@MSarfati_Com","twitter_misc":{"Dur\u00e9e de lecture estim\u00e9e":"3 minutes"},"schema":{"@context":"https:\/\/schema.org","@graph":[{"@type":"WebPage","@id":"https:\/\/martinesarfati.com\/index.php\/club-cristalin","url":"https:\/\/martinesarfati.com\/index.php\/club-cristalin","name":"Club Cristal'in - Martine Sarfati Communication","isPartOf":{"@id":"https:\/\/martinesarfati.com\/#website"},"datePublished":"2022-07-31T13:21:39+00:00","dateModified":"2024-02-09T21:00:55+00:00","breadcrumb":{"@id":"https:\/\/martinesarfati.com\/index.php\/club-cristalin#breadcrumb"},"inLanguage":"fr-FR","potentialAction":[{"@type":"ReadAction","target":["https:\/\/martinesarfati.com\/index.php\/club-cristalin"]}]},{"@type":"BreadcrumbList","@id":"https:\/\/martinesarfati.com\/index.php\/club-cristalin#breadcrumb","itemListElement":[{"@type":"ListItem","position":1,"name":"Accueil","item":"https:\/\/martinesarfati.com\/"},{"@type":"ListItem","position":2,"name":"Club Cristal&#8217;in"}]},{"@type":"WebSite","@id":"https:\/\/martinesarfati.com\/#website","url":"https:\/\/martinesarfati.com\/","name":"Martine Sarfati Communication","description":"Mieux communiquer - Mieux r\u00e9ussir","publisher":{"@id":"https:\/\/martinesarfati.com\/#\/schema\/person\/d4c5107e84c4363871a6926f4260b3f3"},"potentialAction":[{"@type":"SearchAction","target":{"@type":"EntryPoint","urlTemplate":"https:\/\/martinesarfati.com\/?s={search_term_string}"},"query-input":{"@type":"PropertyValueSpecification","valueRequired":true,"valueName":"search_term_string"}}],"inLanguage":"fr-FR"},{"@type":["Person","Organization"],"@id":"https:\/\/martinesarfati.com\/#\/schema\/person\/d4c5107e84c4363871a6926f4260b3f3","name":"Martine SARFATI","image":{"@type":"ImageObject","inLanguage":"fr-FR","@id":"https:\/\/martinesarfati.com\/wp-content\/uploads\/2022\/06\/Presentation1-removebg-preview.png","url":"https:\/\/martinesarfati.com\/wp-content\/uploads\/2022\/06\/Presentation1-removebg-preview.png","contentUrl":"https:\/\/martinesarfati.com\/wp-content\/uploads\/2022\/06\/Presentation1-removebg-preview.png","width":378,"height":378,"caption":"Martine SARFATI"},"logo":{"@id":"https:\/\/martinesarfati.com\/wp-content\/uploads\/2022\/06\/Presentation1-removebg-preview.png"},"description":"Experte, Mentore et Formatrice en Communication, j'accompagne les entrepreneurs.ses \u00e0 appr\u00e9hender et \u00e0 mettre en place les strat\u00e9gies et les actions de communication pour leur meilleure r\u00e9ussite.","sameAs":["http:\/\/www.martinesarfati.com","https:\/\/www.facebook.com\/martine.sarfati","https:\/\/www.instagram.com\/martinesarfaticommunication\/","https:\/\/www.linkedin.com\/in\/martine-sarfati\/","https:\/\/x.com\/https:\/\/twitter.com\/MSarfati_Com","https:\/\/www.youtube.com\/@martinesarfati06"]}]}},"_links":{"self":[{"href":"https:\/\/martinesarfati.com\/index.php\/wp-json\/wp\/v2\/pages\/2054","targetHints":{"allow":["GET"]}}],"collection":[{"href":"https:\/\/martinesarfati.com\/index.php\/wp-json\/wp\/v2\/pages"}],"about":[{"href":"https:\/\/martinesarfati.com\/index.php\/wp-json\/wp\/v2\/types\/page"}],"author":[{"embeddable":true,"href":"https:\/\/martinesarfati.com\/index.php\/wp-json\/wp\/v2\/users\/1"}],"replies":[{"embeddable":true,"href":"https:\/\/martinesarfati.com\/index.php\/wp-json\/wp\/v2\/comments?post=2054"}],"version-history":[{"count":70,"href":"https:\/\/martinesarfati.com\/index.php\/wp-json\/wp\/v2\/pages\/2054\/revisions"}],"predecessor-version":[{"id":2497,"href":"https:\/\/martinesarfati.com\/index.php\/wp-json\/wp\/v2\/pages\/2054\/revisions\/2497"}],"wp:attachment":[{"href":"https:\/\/martinesarfati.com\/index.php\/wp-json\/wp\/v2\/media?parent=2054"}],"curies":[{"name":"wp","href":"https:\/\/api.w.org\/{rel}","templated":true}]}}